{"id":8,"date":"2015-03-09T10:34:11","date_gmt":"2015-03-09T10:34:11","guid":{"rendered":"http:\/\/demo.athemes.com\/sydney\/?page_id=8"},"modified":"2024-10-30T22:00:12","modified_gmt":"2024-10-30T21:00:12","slug":"my-front-page","status":"publish","type":"page","link":"https:\/\/samichlaus-birrfeld.ch\/","title":{"rendered":"Homepage"},"content":{"rendered":"<div id=\"pl-8\"  class=\"panel-layout\" ><div id=\"pg-8-0\"  class=\"panel-grid panel-has-style\" ><div class=\"siteorigin-panels-stretch panel-row-style panel-row-style-for-8-0\" style=\"border-bottom: 1px solid #e0e0e0;padding: 100px 0; \" id=\"ueber-uns\" data-stretch-type=\"full\" data-overlay=\"true\" data-overlay-color=\"#000000\" ><div id=\"pgc-8-0-0\"  class=\"panel-grid-cell\" ><div id=\"panel-8-0-0-0\" class=\"so-panel widget widget_text panel-first-child panel-last-child\" data-index=\"0\" ><div style=\"text-align: left;\" data-title-color=\"#443f3f\" data-headings-color=\"#443f3f\" class=\"panel-widget-style panel-widget-style-for-8-0-0-0\" ><h3 class=\"widget-title\">\u00dcber uns<\/h3>\t\t\t<div class=\"textwidget\"><p>Seit \u00fcber 50 Jahren besucht der Heilige Sankt Nikolaus (Samichlaus) die Kinder im Birrfeld. Diese sch\u00f6nen Besuche der Familien finden um den<br \/>\n6. Dezember statt. Die Kinder warten mit Spannung auf den Samichlaus. Zum einen f\u00fcr das Gespr\u00e4ch mit dem Samichlaus \u00fcber das vergangene Jahr. Zum andern warten sie auch auf die Samichlauss\u00e4ckli aus dem Sack des Samichlaus, welche nach vorgetragenem Samichlaus-Versli oder Musikst\u00fcck verteilt werden. \u00dcber die Freude der Kinder dar\u00fcber freut sich der Samichlaus ganz besonders.<\/p>\n<p>Das Brauchtum des Samichlaus wird von der Samichlausgruppe Birrfeld gepflegt. Wir sind ca. 15 Personen und verstehen uns in der christlichen Tradition des Heilige Sankt Nikolaus von Myra, (heute Demre, ca. 100 km s\u00fcdwestlich von Antalya in der T\u00fcrkei) der als Bischof um ca.300 nach Christus gelebt und gewirkt hat.<br \/>\nDer Samichlaus &#8211; nicht zu verwechseln mit dem Weihnachtsmann &#8211; tritt in traditionellem Bischofsgewand mit Mitra auf dem Kopf und dem Bischofsstab in der Hand auf. Begleitet wird er vom einem bis zwei Schmutzli (Knecht Ruprecht) in schwarzem Gewand.<\/p>\n<\/div>\n\t\t<\/div><\/div><\/div><div id=\"pgc-8-0-1\"  class=\"panel-grid-cell\" ><div id=\"panel-8-0-1-0\" class=\"so-panel widget widget_media_image panel-first-child panel-last-child\" data-index=\"1\" ><div style=\"text-align: left;\" data-title-color=\"#443f3f\" data-headings-color=\"#443f3f\" class=\"panel-widget-style panel-widget-style-for-8-0-1-0\" ><img loading=\"lazy\" decoding=\"async\" width=\"768\" height=\"1024\" src=\"https:\/\/samichlaus-birrfeld.ch\/wp-content\/uploads\/2015\/03\/chlaus-768x1024.jpg\" class=\"image wp-image-609  attachment-large size-large\" alt=\"\" style=\"max-width: 100%; height: auto;\" srcset=\"https:\/\/samichlaus-birrfeld.ch\/wp-content\/uploads\/2015\/03\/chlaus-768x1024.jpg 768w, https:\/\/samichlaus-birrfeld.ch\/wp-content\/uploads\/2015\/03\/chlaus-225x300.jpg 225w, https:\/\/samichlaus-birrfeld.ch\/wp-content\/uploads\/2015\/03\/chlaus-830x1107.jpg 830w, https:\/\/samichlaus-birrfeld.ch\/wp-content\/uploads\/2015\/03\/chlaus-230x307.jpg 230w, https:\/\/samichlaus-birrfeld.ch\/wp-content\/uploads\/2015\/03\/chlaus-350x467.jpg 350w, https:\/\/samichlaus-birrfeld.ch\/wp-content\/uploads\/2015\/03\/chlaus-480x640.jpg 480w\" sizes=\"auto, (max-width: 768px) 100vw, 768px\" \/><\/div><\/div><\/div><\/div><\/div><div id=\"pg-8-1\"  class=\"panel-grid panel-has-style\" ><div class=\"siteorigin-panels-stretch panel-row-style panel-row-style-for-8-1\" style=\"padding: 100px 0; \" id=\"organisation\" data-stretch-type=\"full\" data-overlay=\"true\" data-overlay-color=\"#000000\" ><div id=\"pgc-8-1-0\"  class=\"panel-grid-cell\" ><div id=\"panel-8-1-0-0\" class=\"so-panel widget widget_text panel-first-child panel-last-child\" data-index=\"2\" ><div style=\"text-align: left;\" data-title-color=\"#443f3f\" data-headings-color=\"#443f3f\" class=\"panel-widget-style panel-widget-style-for-8-1-0-0\" ><h3 class=\"widget-title\">Organisation<\/h3>\t\t\t<div class=\"textwidget\"><p>Getragen wird die Samichlausgruppe von der katholischen Seelsorgestelle Birrfeld und wir d\u00fcrfen die R\u00e4umlichkeiten in der Paulus-Kirche ben\u00fctzen. Einerseits sind unsere Samichlausbesuche ein \u00fcberkonfessioneller \/ \u00f6kumenischer Dienst an unserer Gesellschaft, andrerseits wollen wir dieses Brauchtum pflegen und weitergeben.<br \/>\nDas Organisieren der Samichlausbesuche ist f\u00fcr unsere Samichlausgruppe eine Ehrensache.<br \/>\nEin freiwilliger Unterst\u00fctzungsbeitrag beim Besuch in ihrer Familie dient in erster Linie der Instandhaltung oder Neuanschaffung der notwendigen Requisiten. Ein Schlussessen f\u00fcr die Samichl\u00e4use und die Schmutzlis runden die Chlausaktion ab.<\/p>\n<\/div>\n\t\t<\/div><\/div><\/div><\/div><\/div><div id=\"pg-8-2\"  class=\"panel-grid panel-has-style\" ><div class=\"siteorigin-panels-stretch panel-row-style panel-row-style-for-8-2\" style=\"padding: 100px 0; \" id=\"ablauf\" data-stretch-type=\"full\" data-overlay=\"true\" data-overlay-color=\"#000000\" ><div id=\"pgc-8-2-0\"  class=\"panel-grid-cell\" ><div id=\"panel-8-2-0-0\" class=\"so-panel widget widget_media_image panel-first-child panel-last-child\" data-index=\"3\" ><div style=\"text-align: left;\" data-title-color=\"#443f3f\" data-headings-color=\"#443f3f\" class=\"panel-widget-style panel-widget-style-for-8-2-0-0\" ><img loading=\"lazy\" decoding=\"async\" width=\"768\" height=\"1024\" src=\"https:\/\/samichlaus-birrfeld.ch\/wp-content\/uploads\/2015\/03\/esel-768x1024.jpg\" class=\"image wp-image-618  attachment-large size-large\" alt=\"\" style=\"max-width: 100%; height: auto;\" srcset=\"https:\/\/samichlaus-birrfeld.ch\/wp-content\/uploads\/2015\/03\/esel-768x1024.jpg 768w, https:\/\/samichlaus-birrfeld.ch\/wp-content\/uploads\/2015\/03\/esel-225x300.jpg 225w, https:\/\/samichlaus-birrfeld.ch\/wp-content\/uploads\/2015\/03\/esel-830x1107.jpg 830w, https:\/\/samichlaus-birrfeld.ch\/wp-content\/uploads\/2015\/03\/esel-230x307.jpg 230w, https:\/\/samichlaus-birrfeld.ch\/wp-content\/uploads\/2015\/03\/esel-350x467.jpg 350w, https:\/\/samichlaus-birrfeld.ch\/wp-content\/uploads\/2015\/03\/esel-480x640.jpg 480w\" sizes=\"auto, (max-width: 768px) 100vw, 768px\" \/><\/div><\/div><\/div><div id=\"pgc-8-2-1\"  class=\"panel-grid-cell\" ><div id=\"panel-8-2-1-0\" class=\"so-panel widget widget_text panel-first-child panel-last-child\" data-index=\"4\" ><div style=\"text-align: left;\" data-title-color=\"#443f3f\" data-headings-color=\"#443f3f\" class=\"panel-widget-style panel-widget-style-for-8-2-1-0\" ><h3 class=\"widget-title\">Ablauf<\/h3>\t\t\t<div class=\"textwidget\"><p>Der Besuch des Samichlaus bei den Familien und speziell bei den Kindern soll Freude bringen und f\u00fcr eine bleibend gute Erinnerung sorgen.<br \/>\nWir sind sehr dankbar, wenn Sie uns \u00fcber die zu besuchenden Kinder eine kurze und gut lesbare Beschreibung zukommen lassen (siehe Anmeldeformular). So sind wir in der Lage mit den Kindern ein angepasstes Gespr\u00e4ch zu f\u00fchren.<br \/>\nDas Samichlauss\u00e4ckli, Geschenke usw. (deutlich beschriftet) sowie die Beschreibung der Kinder (sofern nicht schon per Mail zugestellt) bitte vor dem Hauseingang bereitstellen.<br \/>\nSie bekommen anfangs Dezember per Mail \/ Post den definitiven Besuchstermin mitgeteilt. Wir versuchen m\u00f6glichst Ihren Terminwunsch zu erf\u00fcllen. <\/p>\n<\/div>\n\t\t<\/div><\/div><\/div><\/div><\/div><div id=\"pg-8-3\"  class=\"panel-grid panel-has-style\" ><div class=\"siteorigin-panels-stretch panel-row-style panel-row-style-for-8-3\" style=\"border-bottom: 1px solid #e0e0e0;padding: 100px 0; \" id=\"anmeldung\" data-stretch-type=\"full\" data-overlay=\"true\" data-overlay-color=\"#000000\" ><div id=\"pgc-8-3-0\"  class=\"panel-grid-cell\" ><div id=\"panel-8-3-0-0\" class=\"widget_text so-panel widget widget_custom_html panel-first-child panel-last-child\" data-index=\"5\" ><div style=\"text-align: left;\" data-title-color=\"#443f3f\" data-headings-color=\"#443f3f\" class=\"widget_text panel-widget-style panel-widget-style-for-8-3-0-0\" ><div class=\"textwidget custom-html-widget\"><div class=\"cognito\">\n<script src=\"https:\/\/services.cognitoforms.com\/s\/XnnGsyzakESj0O3Q8hEWBQ\"><\/script>\n<script>Cognito.load(\"forms\", { id: \"1\" });<\/script>\n<\/div><\/div><\/div><\/div><\/div><\/div><\/div><\/div>","protected":false},"excerpt":{"rendered":"<p>Seit \u00fcber 50 Jahren besucht der Heilige Sankt Nikolaus (Samichlaus) die Kinder im Birrfeld. Diese sch\u00f6nen Besuche der Familien finden um den [&hellip;]<\/p>\n","protected":false},"author":2,"featured_media":0,"parent":0,"menu_order":0,"comment_status":"closed","ping_status":"closed","template":"page-templates\/page_front-page.php","meta":{"footnotes":""},"class_list":["post-8","page","type-page","status-publish","hentry"],"_links":{"self":[{"href":"https:\/\/samichlaus-birrfeld.ch\/index.php?rest_route=\/wp\/v2\/pages\/8","targetHints":{"allow":["GET"]}}],"collection":[{"href":"https:\/\/samichlaus-birrfeld.ch\/index.php?rest_route=\/wp\/v2\/pages"}],"about":[{"href":"https:\/\/samichlaus-birrfeld.ch\/index.php?rest_route=\/wp\/v2\/types\/page"}],"author":[{"embeddable":true,"href":"https:\/\/samichlaus-birrfeld.ch\/index.php?rest_route=\/wp\/v2\/users\/2"}],"replies":[{"embeddable":true,"href":"https:\/\/samichlaus-birrfeld.ch\/index.php?rest_route=%2Fwp%2Fv2%2Fcomments&post=8"}],"version-history":[{"count":82,"href":"https:\/\/samichlaus-birrfeld.ch\/index.php?rest_route=\/wp\/v2\/pages\/8\/revisions"}],"predecessor-version":[{"id":628,"href":"https:\/\/samichlaus-birrfeld.ch\/index.php?rest_route=\/wp\/v2\/pages\/8\/revisions\/628"}],"wp:attachment":[{"href":"https:\/\/samichlaus-birrfeld.ch\/index.php?rest_route=%2Fwp%2Fv2%2Fmedia&parent=8"}],"curies":[{"name":"wp","href":"https:\/\/api.w.org\/{rel}","templated":true}]}}